{"id":337,"date":"2025-11-25T10:51:11","date_gmt":"2025-11-25T10:51:11","guid":{"rendered":"https:\/\/paripesa-cameroun.com\/?page_id=337"},"modified":"2026-03-22T13:43:00","modified_gmt":"2026-03-22T13:43:00","slug":"app","status":"publish","type":"page","link":"https:\/\/paripesa-cameroun.com\/fr\/app\/","title":{"rendered":"T\u00e9l\u00e9charger Paripesa"},"content":{"rendered":"","protected":false},"excerpt":{"rendered":"","protected":false},"author":1,"featured_media":0,"parent":0,"menu_order":0,"comment_status":"closed","ping_status":"closed","template":"views\/page-home.php","meta":{"footnotes":""},"class_list":["post-337","page","type-page","status-publish","hentry"],"acf":[],"yoast_head":"<!-- This site is optimized with the Yoast SEO plugin v27.4 - https:\/\/yoast.com\/product\/yoast-seo-wordpress\/ -->\n<title>T\u00e9l\u00e9charger Paripesa apk \u1409 Acc\u00e8s Rapide au Cameroun<\/title>\n<meta name=\"description\" content=\"T\u00e9l\u00e9charger Paripesa apk \u261b Installez l\u2019app, pariez et jouez depuis le Cameroun \u21d2 Paiements rapides en XAF et exp\u00e9rience mobile fluide.\" \/>\n<meta name=\"robots\" content=\"index, follow, max-snippet:-1, max-image-preview:large, max-video-preview:-1\" \/>\n<link rel=\"canonical\" href=\"https:\/\/paripesa-cameroun.com\/fr\/app\/\" \/>\n<meta property=\"og:locale\" content=\"fr_FR\" \/>\n<meta property=\"og:type\" content=\"article\" \/>\n<meta property=\"og:url\" content=\"https:\/\/paripesa-cameroun.com\/fr\/app\/\" \/>\n<meta property=\"og:site_name\" content=\"africa\" \/>\n<meta property=\"article:modified_time\" content=\"2026-03-22T13:43:00+00:00\" \/>\n<meta name=\"twitter:card\" content=\"summary_large_image\" \/>\n<script type=\"application\/ld+json\" class=\"yoast-schema-graph\">{\"@context\":\"https:\\\/\\\/schema.org\",\"@graph\":[{\"@type\":\"WebPage\",\"@id\":\"https:\\\/\\\/paripesa-cameroun.com\\\/fr\\\/app\\\/\",\"url\":\"https:\\\/\\\/paripesa-cameroun.com\\\/fr\\\/app\\\/\",\"name\":\"T\u00e9l\u00e9charger Paripesa apk \u1409 Acc\u00e8s Rapide au Cameroun\",\"isPartOf\":{\"@id\":\"https:\\\/\\\/paripesa-cameroun.com\\\/#website\"},\"datePublished\":\"2025-11-25T10:51:11+00:00\",\"dateModified\":\"2026-03-22T13:43:00+00:00\",\"description\":\"T\u00e9l\u00e9charger Paripesa apk \u261b Installez l\u2019app, pariez et jouez depuis le Cameroun \u21d2 Paiements rapides en XAF et exp\u00e9rience mobile fluide.\",\"breadcrumb\":{\"@id\":\"https:\\\/\\\/paripesa-cameroun.com\\\/fr\\\/app\\\/#breadcrumb\"},\"inLanguage\":\"fr-CM\",\"potentialAction\":[{\"@type\":\"ReadAction\",\"target\":[\"https:\\\/\\\/paripesa-cameroun.com\\\/fr\\\/app\\\/\"]}]},{\"@type\":\"BreadcrumbList\",\"@id\":\"https:\\\/\\\/paripesa-cameroun.com\\\/fr\\\/app\\\/#breadcrumb\",\"itemListElement\":[{\"@type\":\"ListItem\",\"position\":1,\"name\":\"Home\",\"item\":\"https:\\\/\\\/paripesa-cameroun.com\\\/fr\\\/\"},{\"@type\":\"ListItem\",\"position\":2,\"name\":\"T\u00e9l\u00e9charger Paripesa\"}]},{\"@type\":\"WebSite\",\"@id\":\"https:\\\/\\\/paripesa-cameroun.com\\\/#website\",\"url\":\"https:\\\/\\\/paripesa-cameroun.com\\\/\",\"name\":\"africa\",\"description\":\"\",\"potentialAction\":[{\"@type\":\"SearchAction\",\"target\":{\"@type\":\"EntryPoint\",\"urlTemplate\":\"https:\\\/\\\/paripesa-cameroun.com\\\/?s={search_term_string}\"},\"query-input\":{\"@type\":\"PropertyValueSpecification\",\"valueRequired\":true,\"valueName\":\"search_term_string\"}}],\"inLanguage\":\"fr-CM\"}]}<\/script>\n<!-- \/ Yoast SEO plugin. -->","yoast_head_json":{"title":"T\u00e9l\u00e9charger Paripesa apk \u1409 Acc\u00e8s Rapide au Cameroun","description":"T\u00e9l\u00e9charger Paripesa apk \u261b Installez l\u2019app, pariez et jouez depuis le Cameroun \u21d2 Paiements rapides en XAF et exp\u00e9rience mobile fluide.","robots":{"index":"index","follow":"follow","max-snippet":"max-snippet:-1","max-image-preview":"max-image-preview:large","max-video-preview":"max-video-preview:-1"},"canonical":"https:\/\/paripesa-cameroun.com\/fr\/app\/","og_locale":"fr_FR","og_type":"article","og_url":"https:\/\/paripesa-cameroun.com\/fr\/app\/","og_site_name":"africa","article_modified_time":"2026-03-22T13:43:00+00:00","twitter_card":"summary_large_image","schema":{"@context":"https:\/\/schema.org","@graph":[{"@type":"WebPage","@id":"https:\/\/paripesa-cameroun.com\/fr\/app\/","url":"https:\/\/paripesa-cameroun.com\/fr\/app\/","name":"T\u00e9l\u00e9charger Paripesa apk \u1409 Acc\u00e8s Rapide au Cameroun","isPartOf":{"@id":"https:\/\/paripesa-cameroun.com\/#website"},"datePublished":"2025-11-25T10:51:11+00:00","dateModified":"2026-03-22T13:43:00+00:00","description":"T\u00e9l\u00e9charger Paripesa apk \u261b Installez l\u2019app, pariez et jouez depuis le Cameroun \u21d2 Paiements rapides en XAF et exp\u00e9rience mobile fluide.","breadcrumb":{"@id":"https:\/\/paripesa-cameroun.com\/fr\/app\/#breadcrumb"},"inLanguage":"fr-CM","potentialAction":[{"@type":"ReadAction","target":["https:\/\/paripesa-cameroun.com\/fr\/app\/"]}]},{"@type":"BreadcrumbList","@id":"https:\/\/paripesa-cameroun.com\/fr\/app\/#breadcrumb","itemListElement":[{"@type":"ListItem","position":1,"name":"Home","item":"https:\/\/paripesa-cameroun.com\/fr\/"},{"@type":"ListItem","position":2,"name":"T\u00e9l\u00e9charger Paripesa"}]},{"@type":"WebSite","@id":"https:\/\/paripesa-cameroun.com\/#website","url":"https:\/\/paripesa-cameroun.com\/","name":"africa","description":"","potentialAction":[{"@type":"SearchAction","target":{"@type":"EntryPoint","urlTemplate":"https:\/\/paripesa-cameroun.com\/?s={search_term_string}"},"query-input":{"@type":"PropertyValueSpecification","valueRequired":true,"valueName":"search_term_string"}}],"inLanguage":"fr-CM"}]}},"_links":{"self":[{"href":"https:\/\/paripesa-cameroun.com\/fr\/wp-json\/wp\/v2\/pages\/337","targetHints":{"allow":["GET"]}}],"collection":[{"href":"https:\/\/paripesa-cameroun.com\/fr\/wp-json\/wp\/v2\/pages"}],"about":[{"href":"https:\/\/paripesa-cameroun.com\/fr\/wp-json\/wp\/v2\/types\/page"}],"author":[{"embeddable":true,"href":"https:\/\/paripesa-cameroun.com\/fr\/wp-json\/wp\/v2\/users\/1"}],"replies":[{"embeddable":true,"href":"https:\/\/paripesa-cameroun.com\/fr\/wp-json\/wp\/v2\/comments?post=337"}],"version-history":[{"count":17,"href":"https:\/\/paripesa-cameroun.com\/fr\/wp-json\/wp\/v2\/pages\/337\/revisions"}],"predecessor-version":[{"id":654,"href":"https:\/\/paripesa-cameroun.com\/fr\/wp-json\/wp\/v2\/pages\/337\/revisions\/654"}],"wp:attachment":[{"href":"https:\/\/paripesa-cameroun.com\/fr\/wp-json\/wp\/v2\/media?parent=337"}],"curies":[{"name":"wp","href":"https:\/\/api.w.org\/{rel}","templated":true}]}}